{"id":51,"date":"2025-02-03T14:35:14","date_gmt":"2025-02-03T14:35:14","guid":{"rendered":"https:\/\/asap-coaching.com\/?page_id=51"},"modified":"2025-02-03T14:35:14","modified_gmt":"2025-02-03T14:35:14","slug":"les-atouts-dasap-coaching","status":"publish","type":"page","link":"https:\/\/asap-coaching.com\/index.php\/les-atouts-dasap-coaching\/","title":{"rendered":"Les atouts d&#8217;ASAP Coaching"},"content":{"rendered":"\n<p><\/p>\n\n\n\n<p><strong>Une m\u00e9thode unique 100% personnalis\u00e9e<\/strong><\/p>\n\n\n\n<p>ASAP Coaching vous propose plus qu\u2019une simple formation. Notre m\u00e9thode unique s\u2019adapte \u00e0 tous les m\u00e9tiers, tous les niveaux et vous permettra de progresser rapidement.<\/p>\n\n\n\n<p>Des objectifs fix\u00e9s d\u00e8s le d\u00e9part<\/p>\n\n\n\n<p>Un contenu adapt\u00e9 aux progr\u00e8s r\u00e9alis\u00e9s <\/p>\n\n\n\n<p>Des exercices sp\u00e9cifiques<\/p>\n\n\n\n<p>Feel free to contact me !<\/p>\n\n\n\n<p><strong>Alycia JONES<br>06 82 59 06 53 <\/strong><\/p>\n\n\n\n<p><strong>contact@asap-coaching.com<\/strong><\/p>\n\n\n\n<p>Et bien d\u2019autres services avec ASAP : <\/p>\n\n\n\n<ul class=\"wp-block-list\">\n<li>Traductions \/ Relecture<\/li>\n\n\n\n<li>Entretiens de recrutement<\/li>\n\n\n\n<li>N\u00e9gociations commerciales<\/li>\n\n\n\n<li>Semaines intensives en entreprise<\/li>\n<\/ul>\n","protected":false},"excerpt":{"rendered":"<p>Une m\u00e9thode unique 100% personnalis\u00e9e ASAP Coaching vous propose plus qu\u2019une simple formation. Notre m\u00e9thode unique s\u2019adapte \u00e0 tous les m\u00e9tiers, tous les niveaux et vous permettra de progresser rapidement. Des objectifs fix\u00e9s d\u00e8s le d\u00e9part Un contenu adapt\u00e9 aux progr\u00e8s r\u00e9alis\u00e9s Des exercices sp\u00e9cifiques Feel free to contact me ! Alycia JONES06 82 59 [&hellip;]<\/p>\n","protected":false},"author":1,"featured_media":0,"parent":0,"menu_order":0,"comment_status":"closed","ping_status":"closed","template":"","meta":{"footnotes":""},"class_list":["post-51","page","type-page","status-publish","hentry"],"_links":{"self":[{"href":"https:\/\/asap-coaching.com\/index.php\/wp-json\/wp\/v2\/pages\/51","targetHints":{"allow":["GET"]}}],"collection":[{"href":"https:\/\/asap-coaching.com\/index.php\/wp-json\/wp\/v2\/pages"}],"about":[{"href":"https:\/\/asap-coaching.com\/index.php\/wp-json\/wp\/v2\/types\/page"}],"author":[{"embeddable":true,"href":"https:\/\/asap-coaching.com\/index.php\/wp-json\/wp\/v2\/users\/1"}],"replies":[{"embeddable":true,"href":"https:\/\/asap-coaching.com\/index.php\/wp-json\/wp\/v2\/comments?post=51"}],"version-history":[{"count":1,"href":"https:\/\/asap-coaching.com\/index.php\/wp-json\/wp\/v2\/pages\/51\/revisions"}],"predecessor-version":[{"id":53,"href":"https:\/\/asap-coaching.com\/index.php\/wp-json\/wp\/v2\/pages\/51\/revisions\/53"}],"wp:attachment":[{"href":"https:\/\/asap-coaching.com\/index.php\/wp-json\/wp\/v2\/media?parent=51"}],"curies":[{"name":"wp","href":"https:\/\/api.w.org\/{rel}","templated":true}]}}